{"id":16,"date":"2026-02-05T01:28:45","date_gmt":"2026-02-05T01:28:45","guid":{"rendered":"https:\/\/dtamiami.com\/?page_id=16"},"modified":"2026-02-07T20:34:15","modified_gmt":"2026-02-07T20:34:15","slug":"home","status":"publish","type":"page","link":"https:\/\/dtamiami.com\/es\/","title":{"rendered":"Home"},"content":{"rendered":"<div class=\"et_pb_section_0 et_pb_section et_section_regular et_block_section et_pb_section_parallax\"><span class=\"et-pb-parallax-wrapper\"><span class=\"et-pb-parallax-background et-pb-parallax-background--css et-pb-parallax-background-module--divi-section-0 et_parallax_bg_phone_exist\" style=\"background-image:url(https:\/\/dtamiami.com\/wp-content\/uploads\/2026\/02\/banner-downtown-accounting-miami.jpg)\"><\/span><\/span><span class=\"et-pb-parallax-wrapper\"><span class=\"et-pb-parallax-background et-pb-parallax-background_phone et-pb-parallax-background_phone-module--divi-section-0\" style=\"background-image:url(https:\/\/dtamiami.com\/wp-content\/uploads\/2026\/02\/banner-downtown-accounting-miami.jpg)\"><\/span><\/span>\n<div class=\"et_pb_row_0 et_pb_row et_block_row\">\n<div class=\"et_pb_column_0 et_pb_column et_pb_column_4_4 et-last-child et_block_column et_pb_css_mix_blend_mode_passthrough\">\n<div class=\"et_pb_text_0 et_pb_text et_pb_bg_layout_light et_pb_module et_block_module preset--module--divi-text--4c1c697c-4a7e-4e5a-a9bd-708189313853\"><div class=\"et_pb_text_inner\"><h1>Contabilidad para todos<\/h1>\n<\/div><\/div>\n\n<div class=\"et_pb_text_1 et_pb_text et_pb_bg_layout_light et_pb_module et_block_module preset--module--divi-text--b9959e25-00f7-4291-bda1-4a19c91fac22\"><div class=\"et_pb_text_inner\"><h5>Bilingual service<\/h5>\n<\/div><\/div>\n<\/div>\n<\/div>\n<\/div>\n\n<div class=\"et_pb_section_1 et_pb_section et_section_regular et_block_section\" id=\"services\">\n<div class=\"et_pb_row_1 et_pb_row et_flex_row\">\n<div class=\"et_pb_column_1 et_pb_column et_flex_column et_pb_css_mix_blend_mode_passthrough et_flex_column_12_24 et_flex_column_12_24_tablet et_flex_column_24_24_phone\">\n<div class=\"et_pb_image_0 et_pb_image et_pb_module et_flex_module\"><span class=\"et_pb_image_wrap\"><img loading=\"lazy\" decoding=\"async\" src=\"https:\/\/dtamiami.com\/wp-content\/uploads\/2026\/02\/servicios-tax-2.jpg\" title=\"servicios-tax-2\" width=\"600\" height=\"600\" srcset=\"https:\/\/dtamiami.com\/wp-content\/uploads\/2026\/02\/servicios-tax-2.jpg 600w, https:\/\/dtamiami.com\/wp-content\/uploads\/2026\/02\/servicios-tax-2-480x480.jpg 480w\" sizes=\"(min-width: 0px) and (max-width: 480px) 480px, (min-width: 481px) 600px, 100vw\" class=\"wp-image-112\" \/><\/span><\/div>\n<\/div>\n\n<div class=\"et_pb_column_2 et_pb_column et-last-child et_flex_column et_pb_css_mix_blend_mode_passthrough et_flex_column_12_24 et_flex_column_12_24_tablet et_flex_column_24_24_phone\">\n<div class=\"et_pb_text_2 et_pb_text et_pb_bg_layout_light et_pb_module et_flex_module\"><div class=\"et_pb_text_inner\"><h2>NUESTROS SERVICIOS<\/h2>\n<\/div><\/div>\n\n<div class=\"et_pb_text_3 et_pb_text et_pb_bg_layout_light et_pb_module et_flex_module\"><div class=\"et_pb_text_inner\"><ul>\n<li>Impuestos personales y corporativos<\/li>\n<li>Tramitaci\u00f3n de n\u00famero ITIN<\/li>\n<li>Servicios de incorporaci\u00f3n de empresas<\/li>\n<li>Contabilidad de construcci\u00f3n para contratistas<\/li>\n<li>Servicios de n\u00f3mina (payroll)<\/li>\n<li>Certificado de Uso y Licencia Comercial (LBT)<\/li>\n<li>Configuraci\u00f3n y soporte de QuickBooks<\/li>\n<li>Declaraci\u00f3n y reporte de impuestos sobre ventas<\/li>\n<li>Servicios de notar\u00eda p\u00fablica<\/li>\n<\/ul>\n<\/div><\/div>\n<\/div>\n<\/div>\n<\/div>\n\n<div class=\"et_pb_section_2 et_pb_section et_section_regular et_block_section\" id=\"mision\">\n<div class=\"et_pb_row_2 et_pb_row et_block_row\">\n<div class=\"et_pb_column_3 et_pb_column et_pb_column_4_4 et-last-child et_block_column et_pb_css_mix_blend_mode_passthrough\">\n<div class=\"et_pb_text_4 et_pb_text et_pb_bg_layout_light et_pb_module et_block_module preset--module--divi-text--8e4ecd9c-6c3b-4f17-8257-9a70b9c79c3e\"><div class=\"et_pb_text_inner\"><h2>NUESTRA MISION<\/h2>\n<\/div><\/div>\n\n<div class=\"et_pb_text_5 et_pb_text et_pb_bg_layout_light et_pb_module et_block_module preset--module--divi-text--a0ad609b-6555-447a-8047-d716f6e71f2d\"><div class=\"et_pb_text_inner\"><p>Contamos con contadores p\u00fablicos certificados, con amplia experiencia y total calificaci\u00f3n profesional.<\/p>\n<p>Nuestro compromiso es ayudar a nuestros clientes a llevar sus negocios al siguiente nivel, tomando decisiones acertadas basadas en informaci\u00f3n oportuna y asesor\u00eda estrat\u00e9gica.<\/p>\n<p>Ya sea contabilidad mensual, servicios tributarios o auditor\u00edas anuales, ofrecemos una gama completa de soluciones contables adaptadas a cada necesidad.<\/p>\n<\/div><\/div>\n<\/div>\n<\/div>\n<\/div>\n\n<div class=\"et_pb_section_3 et_pb_section et_section_regular et_flex_section\" id=\"team\">\n<div class=\"et_pb_row_3 et_pb_row et_flex_row\">\n<div class=\"et_pb_column_4 et_pb_column et_flex_column et_pb_css_mix_blend_mode_passthrough et_flex_column_12_24 et_flex_column_12_24_tablet et_flex_column_24_24_phone\">\n<div class=\"et_pb_text_6 et_pb_text et_pb_bg_layout_light et_pb_module et_flex_module\"><div class=\"et_pb_text_inner\"><h2>NUESTRO EQUIPO<\/h2>\n<\/div><\/div>\n\n<div class=\"et_pb_text_7 et_pb_text et_pb_bg_layout_light et_pb_module et_flex_module\"><div class=\"et_pb_text_inner\"><p>Nuestro equipo de contadores y asesores tributarios est\u00e1 conformado por profesionales altamente capacitados, que brindan asesor\u00eda proactiva y de calidad a empresas, personas y contratistas.<\/p>\n<p>Cualquiera que sea tu necesidad, recibir\u00e1s un servicio de excelencia. Mantenemos este compromiso con la calidad invirtiendo en el mejor talento y en tecnolog\u00eda innovadora.<\/p>\n<p>Nuestros profesionales saben que tu tiempo es valioso. Por eso, trabajamos con plataformas l\u00edderes de contabilidad en la nube para que tu inversi\u00f3n en nuestros servicios se traduzca en resultados reales y te brinde tranquilidad, lejos del estr\u00e9s del mundo financiero.<\/p>\n<\/div><\/div>\n<\/div>\n\n<div class=\"et_pb_column_5 et_pb_column et-last-child et_flex_column et_pb_css_mix_blend_mode_passthrough et_flex_column_12_24 et_flex_column_12_24_tablet et_flex_column_24_24_phone\">\n<div class=\"et_pb_team_member_0 et_pb_team_member et_pb_bg_layout_light et_pb_module et_grid_module\"><div class=\"et_pb_team_member_image et-waypoint et_pb_animation_off\"><img loading=\"lazy\" decoding=\"async\" src=\"https:\/\/dtamiami.com\/wp-content\/uploads\/2026\/02\/cesar-vida-CEO.jpg\" alt=\"Cesar Vidal \" width=\"900\" height=\"900\" srcset=\"https:\/\/dtamiami.com\/wp-content\/uploads\/2026\/02\/cesar-vida-CEO.jpg 900w, https:\/\/dtamiami.com\/wp-content\/uploads\/2026\/02\/cesar-vida-CEO-480x480.jpg 480w\" sizes=\"(min-width: 0px) and (max-width: 480px) 480px, (min-width: 481px) 900px, 100vw\" class=\"wp-image-55\" title=\"cesar-vida-CEO\" \/><\/div><div class=\"et_pb_team_member_description\"><h4 class=\"et_pb_module_header\">Cesar Vidal <\/h4><p class=\"et_pb_member_position\">Founder & CEO<\/p><\/div><\/div>\n<\/div>\n<\/div>\n<\/div>\n\n<div class=\"et_pb_section_4 et_pb_section et_section_regular et_flex_section\" id=\"find\">\n<div class=\"et_pb_row_4 et_pb_row et_flex_row\">\n<div class=\"et_pb_column_6 et_pb_column et-last-child et_flex_column et_pb_css_mix_blend_mode_passthrough et_flex_column_24_24 et_flex_column_24_24_tablet et_flex_column_24_24_phone\">\n<div class=\"et_pb_code_0 et_pb_code et_pb_module\"><div class=\"et_pb_code_inner\"><iframe\n  src=\"https:\/\/www.google.com\/maps\/embed?pb=!1m18!1m12!1m3!1d7185.7632350011945!2d-80.19228666173828!3d25.7744734731913!2m3!1f0!2f0!3f0!3m2!1i1024!2i768!4f13.1!3m3!1m2!1s0x88d9b69ea75b9c99%3A0x9db712a6e2a6e122!2s14%20NE%201st%20Ave%20%23706%2C%20Miami%2C%20FL%2033132%2C%20EE.%20UU.!5e0!3m2!1ses-419!2sco!4v1770260450011!5m2!1ses-419!2sco\"\n  width=\"100%\"\n  height=\"450\"\n  style=\"border:0; display:block;\"\n  allowfullscreen\n loading=\"lazy\"\n  referrerpolicy=\"no-referrer-when-downgrade\">\n<\/iframe>\n<\/div><\/div>\n<\/div>\n<\/div>\n<\/div>\n\n<div class=\"et_pb_section_5 et_pb_section et_section_regular et_block_section\" id=\"Contact\">\n<div class=\"et_pb_row_5 et_pb_row et_pb_equal_columns et_pb_gutters1 et_block_row et_animated et_pb_row_fullwidth\">\n<div class=\"et_pb_column_7 et_pb_column et_pb_column_1_2 et_block_column et_pb_css_mix_blend_mode_passthrough\">\n<div class=\"et_pb_text_8 et_pb_text et_pb_bg_layout_light et_pb_module et_block_module preset--module--divi-text--8e4ecd9c-6c3b-4f17-8257-9a70b9c79c3e\"><div class=\"et_pb_text_inner\"><h2>CONTACTENOS<\/h2>\n<\/div><\/div>\n\n<div class=\"et_pb_contact_form_0 et_pb_contact_form_container clearfix et_pb_module et_flex_module\" data-form_unique_num=\"0\" data-form_unique_id=\"8e274d5b-d0f6-4bf8-bdaa-98756f3035ed\" id=\"et_pb_contact_form_8e274d5b-d0f6-4bf8-bdaa-98756f3035ed\"><div class=\"et-pb-contact-message\"><\/div><div class=\"et_pb_contact\"><form class=\"et_pb_contact_form et_flex_module\" method=\"post\" action=\"https:\/\/dtamiami.com\/es\/wp-json\/wp\/v2\/pages\/16\" data-trp-original-action=\"https:\/\/dtamiami.com\/es\/wp-json\/wp\/v2\/pages\/16\">\n<div class=\"et_pb_contact_field_0 et_pb_contact_field et_pb_module et_flex_module et_flex_column_12_24 et_flex_column_12_24_tablet et_flex_column_12_24_phone\" data-id=\"name\" data-type=\"input\"><label class=\"et_pb_contact_form_label\">Nombre<\/label><input type=\"text\" name=\"et_pb_contact_0_name_0\" id=\"et_pb_contact_0_name_0\" class=\"input\" data-required_mark=\"required\" data-field_type=\"input\" data-original_id=\"name\" placeholder=\"Nombre\" title=\"\" value=\"\" \/><\/div>\n\n<div class=\"et_pb_contact_field_1 et_pb_contact_field et_pb_module et_flex_module et_flex_column_12_24 et_flex_column_12_24_tablet et_flex_column_12_24_phone\" data-id=\"phone\" data-type=\"input\"><label class=\"et_pb_contact_form_label\">Tel\u00e9fono<\/label><input type=\"text\" name=\"et_pb_contact_0_phone_1\" id=\"et_pb_contact_0_phone_1\" class=\"input\" data-required_mark=\"required\" data-field_type=\"input\" data-original_id=\"phone\" placeholder=\"Tel\u00e9fono\" title=\"\" value=\"\" \/><\/div>\n\n<div class=\"et_pb_contact_field_2 et_pb_contact_field et_pb_module et_flex_module et_flex_column_24_24 et_flex_column_24_24_tablet et_flex_column_24_24_phone\" data-id=\"email\" data-type=\"email\"><label class=\"et_pb_contact_form_label\">Email<\/label><input type=\"text\" name=\"et_pb_contact_0_email_2\" id=\"et_pb_contact_0_email_2\" class=\"input\" data-required_mark=\"required\" data-field_type=\"email\" data-original_id=\"email\" placeholder=\"Email\" title=\"Only letters and numbers allowed.\" value=\"\" \/><\/div>\n\n<div class=\"et_pb_contact_field_3 et_pb_contact_field et_pb_module et_flex_module et_flex_column_24_24 et_flex_column_24_24_tablet et_flex_column_24_24_phone\" data-id=\"message_2\" data-type=\"text\"><label class=\"et_pb_contact_form_label\">Mensaje<\/label><textarea name=\"et_pb_contact_0_message_2_3\" id=\"et_pb_contact_0_message_2_3\" class=\"et_pb_contact_message input\" data-required_mark=\"required\" data-field_type=\"text\" data-original_id=\"message_2\" placeholder=\"Mensaje\"><\/textarea><\/div>\n<input type=\"hidden\" name=\"et_pb_contactform_submit_8e274d5b-d0f6-4bf8-bdaa-98756f3035ed\" value=\"et_contact_proccess\" \/><div class=\"et_contact_bottom_container\"><div class=\"et_pb_contact_right et_pb_contact_field\"><p class=\"clearfix\"><span class=\"et_pb_contact_captcha_question\">1 + 12<\/span> = <input type=\"text\" size=\"2\" class=\"input et_pb_contact_captcha\" data-first_digit=\"1\" data-second_digit=\"12\" data-required_mark=\"required\" name=\"et_pb_contact_captcha_8e274d5b-d0f6-4bf8-bdaa-98756f3035ed\" autocomplete=\"off\" \/><\/p><\/div><div class=\"et_pb_button_wrapper\"><button type=\"submit\" name=\"et_builder_submit_button\" class=\"et_pb_button et_pb_contact_submit\">Enviar<\/button><\/div><\/div><input type=\"hidden\" id=\"_wpnonce-et-pb-contact-form-submitted-8e274d5b-d0f6-4bf8-bdaa-98756f3035ed\" name=\"_wpnonce-et-pb-contact-form-submitted-8e274d5b-d0f6-4bf8-bdaa-98756f3035ed\" value=\"0d4ee7f084\" \/><input type=\"hidden\" name=\"_wp_http_referer\" value=\"\/es\/wp-json\/wp\/v2\/pages\/16\" \/><input type=\"hidden\" name=\"trp-form-language\" value=\"es\"\/><\/form><\/div><\/div>\n<\/div>\n\n<div class=\"et_pb_column_8 et_pb_column et_pb_column_1_2 et-last-child et_block_column et_pb_css_mix_blend_mode_passthrough\">\n<div class=\"et_pb_text_9 et_pb_text et_pb_bg_layout_light et_pb_module et_block_module preset--module--divi-text--8e4ecd9c-6c3b-4f17-8257-9a70b9c79c3e\"><div class=\"et_pb_text_inner\"><h2><span style=\"letter-spacing: normal;\" class=\"wixui-rich-text__text\"><span class=\"color_36 wixui-rich-text__text\">Vis\u00edtenos<\/span><\/span><\/h2>\n<\/div><\/div>\n\n<div class=\"et_pb_text_10 et_pb_text et_pb_bg_layout_light et_pb_module et_block_module preset--module--divi-text--5c27b0df-c9bf-4cdb-8805-5d70fa84b781\"><div class=\"et_pb_text_inner\"><p>14 NE 1st Avenue, Suite#706<br \/>Miami, Florida 33132<\/p>\n<p>info@dtamiami.com<\/p>\n<\/div><\/div>\n\n<ul class=\"et_pb_social_media_follow_0 et_pb_social_media_follow clearfix et_pb_bg_layout_light has_follow_button et_pb_module et_flex_module\">\n<li class=\"et_pb_social_media_follow_network_0 et_pb_social_media_follow_network et_pb_social_icon et_pb_social_network_link et-social-instagram et_pb_module et_flex_module\"><a href=\"https:\/\/www.instagram.com\/downtownaccountingmiami\/\" class=\"icon\" target=\"_blank\" title=\"Follow on Instagram\" rel=\"noopener\"><span class=\"et_pb_social_media_follow_network_name\">Follow<\/span><\/a><a class=\"follow_button\" href=\"https:\/\/www.instagram.com\/downtownaccountingmiami\/\" target=\"_blank\" title=\"Follow on Instagram\" rel=\"noopener\">Follow<\/a><\/li>\n<\/ul>\n<\/div>\n<\/div>\n<\/div>","protected":false},"excerpt":{"rendered":"","protected":false},"author":1,"featured_media":0,"parent":0,"menu_order":0,"comment_status":"closed","ping_status":"closed","template":"","meta":{"_joinchat":[],"footnotes":""},"class_list":["post-16","page","type-page","status-publish","hentry"],"_links":{"self":[{"href":"https:\/\/dtamiami.com\/es\/wp-json\/wp\/v2\/pages\/16","targetHints":{"allow":["GET"]}}],"collection":[{"href":"https:\/\/dtamiami.com\/es\/wp-json\/wp\/v2\/pages"}],"about":[{"href":"https:\/\/dtamiami.com\/es\/wp-json\/wp\/v2\/types\/page"}],"author":[{"embeddable":true,"href":"https:\/\/dtamiami.com\/es\/wp-json\/wp\/v2\/users\/1"}],"replies":[{"embeddable":true,"href":"https:\/\/dtamiami.com\/es\/wp-json\/wp\/v2\/comments?post=16"}],"version-history":[{"count":51,"href":"https:\/\/dtamiami.com\/es\/wp-json\/wp\/v2\/pages\/16\/revisions"}],"predecessor-version":[{"id":117,"href":"https:\/\/dtamiami.com\/es\/wp-json\/wp\/v2\/pages\/16\/revisions\/117"}],"wp:attachment":[{"href":"https:\/\/dtamiami.com\/es\/wp-json\/wp\/v2\/media?parent=16"}],"curies":[{"name":"wp","href":"https:\/\/api.w.org\/{rel}","templated":true}]}}